{"id":651,"date":"2025-01-08T10:08:52","date_gmt":"2025-01-08T09:08:52","guid":{"rendered":"https:\/\/www.camping-laprevote.fr\/?page_id=651"},"modified":"2025-03-11T15:43:36","modified_gmt":"2025-03-11T14:43:36","slug":"access","status":"publish","type":"page","link":"https:\/\/www.camping-laprevote.fr\/en\/acces\/","title":{"rendered":"Access"},"content":{"rendered":"<div class=\"wp-block-stackable-columns stk-block-columns stk-block stk-eaaf2fe\" data-block-id=\"eaaf2fe\"><style>.stk-eaaf2fe {margin-right:10% !important;margin-bottom:3% !important;margin-left:10% !important;}.stk-eaaf2fe-column{--stk-column-gap:30px !important;}<\/style><div class=\"stk-row stk-inner-blocks stk-block-content stk-content-align stk-eaaf2fe-column\">\n<div class=\"wp-block-stackable-column stk-block-column stk-column stk-block stk-32df62e\" data-v=\"4\" data-block-id=\"32df62e\"><div class=\"stk-column-wrapper stk-block-column__content stk-container stk-32df62e-container stk--no-background stk--no-padding\"><div class=\"stk-block-content stk-inner-blocks stk-32df62e-inner-blocks\">\n<div class=\"wp-block-stackable-image stk-block-image stk-block stk-0351958\" data-block-id=\"0351958\"><style>.stk-0351958 .stk-img-wrapper{width:20% !important;height:100% !important;}<\/style><figure><span class=\"stk-img-wrapper stk-image--shape-stretch\"><img loading=\"lazy\" decoding=\"async\" class=\"stk-img wp-image-10601\" src=\"https:\/\/www.camping-laprevote.fr\/wp-content\/uploads\/2025\/02\/LOGO-2024-Personnalise-1.png\" width=\"1000\" height=\"1000\" alt=\"logo\" srcset=\"https:\/\/www.camping-laprevote.fr\/wp-content\/uploads\/2025\/02\/LOGO-2024-Personnalise-1.png 1000w, https:\/\/www.camping-laprevote.fr\/wp-content\/uploads\/2025\/02\/LOGO-2024-Personnalise-1-300x300.png 300w, https:\/\/www.camping-laprevote.fr\/wp-content\/uploads\/2025\/02\/LOGO-2024-Personnalise-1-150x150.png 150w, https:\/\/www.camping-laprevote.fr\/wp-content\/uploads\/2025\/02\/LOGO-2024-Personnalise-1-768x768.png 768w, https:\/\/www.camping-laprevote.fr\/wp-content\/uploads\/2025\/02\/LOGO-2024-Personnalise-1-12x12.png 12w, https:\/\/www.camping-laprevote.fr\/wp-content\/uploads\/2025\/02\/LOGO-2024-Personnalise-1-500x500.png 500w, https:\/\/www.camping-laprevote.fr\/wp-content\/uploads\/2025\/02\/LOGO-2024-Personnalise-1-800x800.png 800w\" sizes=\"auto, (max-width: 1000px) 100vw, 1000px\" \/><\/span><\/figure><\/div>\n\n\n\n<div class=\"wp-block-stackable-columns stk-block-columns stk-block stk-1cffce3 stk-block-background\" data-block-id=\"1cffce3\"><style>.stk-1cffce3 .stk--block-align-1cffce3{align-items:center !important;}.stk-1cffce3 {background-color:#40ba301a !important;padding-right:15% !important;padding-left:15% !important;}.stk-1cffce3:before{background-color:#40ba301a !important;}<\/style><div class=\"stk-row stk-inner-blocks has-text-align-center stk--block-align-1cffce3 stk-block-content stk-content-align stk-1cffce3-column\">\n<div class=\"wp-block-stackable-column stk-block-column stk-column stk-block stk-a8a4c2e\" data-v=\"4\" data-block-id=\"a8a4c2e\"><style>.stk-a8a4c2e {align-self:center !important;}.stk-a8a4c2e-inner-blocks{justify-content:center !important;}<\/style><div class=\"stk-column-wrapper stk-block-column__content stk-container stk-a8a4c2e-container stk--no-background stk--no-padding\"><div class=\"stk--column-flex stk-block-content stk-inner-blocks stk-a8a4c2e-inner-blocks\">\n<div class=\"wp-block-stackable-icon-label stk-block-icon-label stk-block stk-8361f7f\" data-block-id=\"8361f7f\"><style>.stk-8361f7f {align-items:center !important;display:flex !important;}<\/style><div class=\"stk-row stk-inner-blocks stk-block-content\">\n<div class=\"wp-block-stackable-icon stk-block-icon has-text-align-left stk-block stk-7f8907d\" data-block-id=\"7f8907d\"><style>.stk-7f8907d .stk--svg-wrapper .stk--inner-svg svg:last-child, .stk-7f8907d .stk--svg-wrapper .stk--inner-svg svg:last-child :is(g, path, rect, polygon, ellipse){fill:#5eb835 !important;}<\/style><span class=\"stk--svg-wrapper\"><div class=\"stk--inner-svg\"><svg style=\"height:0;width:0\"><defs><lineargradient id=\"linear-gradient-7f8907d\" x1=\"0\" x2=\"100%\" y1=\"0\" y2=\"0\"><stop offset=\"0%\" style=\"stop-opacity:1;stop-color:var(--linear-gradient-7-f-8907-d-color-1)\"><\/stop><stop offset=\"100%\" style=\"stop-opacity:1;stop-color:var(--linear-gradient-7-f-8907-d-color-2)\"><\/stop><\/lineargradient><\/defs><\/svg><svg xmlns=\"http:\/\/www.w3.org\/2000\/svg\" viewbox=\"0 0 384 512\" aria-hidden=\"true\" width=\"32\" height=\"32\"><path d=\"M215.7 499.2C267 435 384 279.4 384 192C384 86 298 0 192 0S0 86 0 192c0 87.4 117 243 168.3 307.2c12.3 15.3 35.1 15.3 47.4 0zM192 128a64 64 0 1 1 0 128 64 64 0 1 1 0-128z\"><\/path><\/svg><\/div><\/span><\/div>\n\n\n\n<div class=\"wp-block-stackable-heading stk-block-heading stk-block-heading--v2 stk-block stk-ff8a171\" id=\"camping-la-prevote-br-62-avenue-de-la-faye-br-85270-saint-hilaire-de-riez\" data-block-id=\"ff8a171\"><style>.stk-ff8a171 {margin-bottom:32px !important;}.stk-ff8a171 .stk-block-heading__text{font-size:18px !important;}@media screen and (max-width: 1023px){.stk-ff8a171 .stk-block-heading__text{font-size:18px !important;}}<\/style><h2 class=\"stk-block-heading__text has-text-align-center\">Camping la Pr\u00e9vot\u00e9<br>62 avenue de la Faye<br>85270 Saint Hilaire de Riez<\/h2><\/div>\n<\/div><\/div>\n<\/div><\/div><\/div>\n\n\n\n<div class=\"wp-block-stackable-column stk-block-column stk-column stk-block stk-53ddef6\" data-v=\"4\" data-block-id=\"53ddef6\"><style>.stk-53ddef6 {padding-top:5% !important;padding-right:5% !important;padding-bottom:5% !important;padding-left:5% !important;}<\/style><div class=\"stk-column-wrapper stk-block-column__content stk-container stk-53ddef6-container stk--no-background stk--no-padding\"><div class=\"has-text-align-center stk-block-content stk-inner-blocks stk-53ddef6-inner-blocks\">\n<div class=\"wp-block-stackable-icon-label aligncenter stk-block-icon-label stk-block stk-09fe5cd\" data-block-id=\"09fe5cd\"><style>.stk-09fe5cd .stk-inner-blocks{gap:23px !important;}.stk-09fe5cd {margin-bottom:0px !important;}<\/style><div class=\"stk-row stk-inner-blocks stk-block-content\">\n<div class=\"wp-block-stackable-icon stk-block-icon has-text-align-left stk-block stk-ed2c92b\" data-block-id=\"ed2c92b\"><style>.stk-ed2c92b .stk--svg-wrapper .stk--inner-svg svg:last-child, .stk-ed2c92b .stk--svg-wrapper .stk--inner-svg svg:last-child :is(g, path, rect, polygon, ellipse){fill:#5eb835 !important;}<\/style><span class=\"stk--svg-wrapper\"><div class=\"stk--inner-svg\"><svg style=\"height:0;width:0\"><defs><lineargradient id=\"linear-gradient-ed2c92b\" x1=\"0\" x2=\"100%\" y1=\"0\" y2=\"0\"><stop offset=\"0%\" style=\"stop-opacity:1;stop-color:var(--linear-gradient-ed-2-c-92-b-color-1)\"><\/stop><stop offset=\"100%\" style=\"stop-opacity:1;stop-color:var(--linear-gradient-ed-2-c-92-b-color-2)\"><\/stop><\/lineargradient><\/defs><\/svg><svg xmlns=\"http:\/\/www.w3.org\/2000\/svg\" viewbox=\"0 0 512 512\" aria-hidden=\"true\" width=\"32\" height=\"32\"><path d=\"M164.9 24.6c-7.7-18.6-28-28.5-47.4-23.2l-88 24C12.1 30.2 0 46 0 64C0 311.4 200.6 512 448 512c18 0 33.8-12.1 38.6-29.5l24-88c5.3-19.4-4.6-39.7-23.2-47.4l-96-40c-16.3-6.8-35.2-2.1-46.3 11.6L304.7 368C234.3 334.7 177.3 277.7 144 207.3L193.3 167c13.7-11.2 18.4-30 11.6-46.3l-40-96z\"><\/path><\/svg><\/div><\/span><\/div>\n\n\n\n<div class=\"wp-block-stackable-heading stk-block-heading stk-block-heading--v2 stk-block stk-6620893\" id=\"a-href-tel-0251543119-02-51-54-31-19-a\" data-block-id=\"6620893\"><style>.stk-6620893 .stk-block-heading__text{font-size:18px !important;}@media screen and (max-width: 1023px){.stk-6620893 .stk-block-heading__text{font-size:18px !important;}}<\/style><p class=\"stk-block-heading__text has-text-align-left\"><a href=\"tel:0251543119\">02 51 54 31 19<\/a><\/p><\/div>\n<\/div><\/div>\n<\/div><\/div><\/div>\n\n\n\n<div class=\"wp-block-stackable-column stk-block-column stk-column stk-block stk-61139f8\" data-v=\"4\" data-block-id=\"61139f8\"><style>.stk-61139f8 {padding-top:5% !important;padding-right:5% !important;padding-bottom:5% !important;padding-left:5% !important;}<\/style><div class=\"stk-column-wrapper stk-block-column__content stk-container stk-61139f8-container stk--no-background stk--no-padding\"><div class=\"stk-block-content stk-inner-blocks stk-61139f8-inner-blocks\">\n<div class=\"wp-block-stackable-icon-label aligncenter stk-block-icon-label stk-block stk-5dd709c\" data-block-id=\"5dd709c\"><style>.stk-5dd709c .stk-inner-blocks{gap:25px !important;}.stk-5dd709c {margin-bottom:0px !important;}<\/style><div class=\"stk-row stk-inner-blocks stk-block-content\">\n<div class=\"wp-block-stackable-icon stk-block-icon has-text-align-left stk-block stk-0c20569\" data-block-id=\"0c20569\"><style>.stk-0c20569 .stk--svg-wrapper .stk--inner-svg svg:last-child, .stk-0c20569 .stk--svg-wrapper .stk--inner-svg svg:last-child :is(g, path, rect, polygon, ellipse){fill:#5eb835 !important;}<\/style><span class=\"stk--svg-wrapper\"><div class=\"stk--inner-svg\"><svg style=\"height:0;width:0\"><defs><lineargradient id=\"linear-gradient-0c20569\" x1=\"0\" x2=\"100%\" y1=\"0\" y2=\"0\"><stop offset=\"0%\" style=\"stop-opacity:1;stop-color:var(--linear-gradient-0-c-20569-color-1)\"><\/stop><stop offset=\"100%\" style=\"stop-opacity:1;stop-color:var(--linear-gradient-0-c-20569-color-2)\"><\/stop><\/lineargradient><\/defs><\/svg><svg xmlns=\"http:\/\/www.w3.org\/2000\/svg\" viewbox=\"0 0 512 512\" aria-hidden=\"true\" width=\"32\" height=\"32\"><path d=\"M255.4 48.2c.2-.1 .4-.2 .6-.2s.4 .1 .6 .2L460.6 194c2.1 1.5 3.4 3.9 3.4 6.5v13.6L291.5 355.7c-20.7 17-50.4 17-71.1 0L48 214.1V200.5c0-2.6 1.2-5 3.4-6.5L255.4 48.2zM48 276.2L190 392.8c38.4 31.5 93.7 31.5 132 0L464 276.2V456c0 4.4-3.6 8-8 8H56c-4.4 0-8-3.6-8-8V276.2zM256 0c-10.2 0-20.2 3.2-28.5 9.1L23.5 154.9C8.7 165.4 0 182.4 0 200.5V456c0 30.9 25.1 56 56 56H456c30.9 0 56-25.1 56-56V200.5c0-18.1-8.7-35.1-23.4-45.6L284.5 9.1C276.2 3.2 266.2 0 256 0z\"><\/path><\/svg><\/div><\/span><\/div>\n\n\n\n<div class=\"wp-block-stackable-heading stk-block-heading stk-block-heading--v2 stk-block stk-73d0c97\" id=\"a-href-mailto-campinglaprevote-orange-fr-campinglaprevote-orange-fr-a\" data-block-id=\"73d0c97\"><style>.stk-73d0c97 .stk-block-heading__text{font-size:18px !important;}@media screen and (max-width: 1023px){.stk-73d0c97 .stk-block-heading__text{font-size:18px !important;}}<\/style><p class=\"stk-block-heading__text has-text-align-left\"><a href=\"mailto:campinglaprevote@orange.fr\">campinglaprevote@orange.fr<\/a><\/p><\/div>\n<\/div><\/div>\n<\/div><\/div><\/div>\n<\/div><\/div>\n<\/div><\/div><\/div>\n<\/div><\/div>\n\n\n\n<div class=\"wp-block-stackable-columns stk-block-columns stk-block stk-9a497b7\" data-block-id=\"9a497b7\"><style>.stk-9a497b7 {margin-bottom:0px !important;}<\/style><div class=\"stk-row stk-inner-blocks stk-block-content stk-content-align stk-9a497b7-column\">\n<div class=\"wp-block-stackable-column stk-block-column stk-column stk-block stk-05ad5ad stk-block-background\" data-v=\"4\" data-block-id=\"05ad5ad\"><style>.stk-05ad5ad {background-color:#33a7c424 !important;padding-top:5% !important;padding-right:10% !important;padding-bottom:5% !important;padding-left:10% !important;}.stk-05ad5ad:before{background-color:#33a7c424 !important;}<\/style><div class=\"stk-column-wrapper stk-block-column__content stk-container stk-05ad5ad-container stk--no-background stk--no-padding\"><div class=\"stk-block-content stk-inner-blocks stk-05ad5ad-inner-blocks\">\n<iframe src=\"https:\/\/www.google.com\/maps\/embed?pb=!1m18!1m12!1m3!1d2816.881414825827!2d-1.9618922237399923!3d46.72596204837401!2m3!1f0!2f0!3f0!3m2!1i1024!2i768!4f13.1!3m3!1m2!1s0x4804f90c040f406d%3A0x2c4860bbcc9ebe35!2zQ2FtcGluZyBMYSBQcsOpdm90w6k!5e1!3m2!1sfr!2sfr!4v1736860976570!5m2!1sfr!2sfr\" width=\"100%\" height=\"450\" style=\"border:0;\" allowfullscreen=\"\" loading=\"lazy\" referrerpolicy=\"no-referrer-when-downgrade\"><\/iframe>\n<\/div><\/div><\/div>\n<\/div><\/div>","protected":false},"excerpt":{"rendered":"<p>Camping la Pr\u00e9vot\u00e962 avenue de la Faye85270 Saint Hilaire de Riez 02 51 54 31 19 campinglaprevote@orange.fr<\/p>","protected":false},"author":1,"featured_media":10147,"parent":0,"menu_order":0,"comment_status":"closed","ping_status":"closed","template":"","meta":{"_acf_changed":false,"_seopress_robots_primary_cat":"","_seopress_titles_title":"D\u00e9couvrez comment acc\u00e9der au camping la Pr\u00e9vot\u00e9","_seopress_titles_desc":"Si vous choisissez le camping la Pr\u00e9vot\u00e9 pour les vacances, d\u00e9couvrez tous les moyens de vous y rendre !","_seopress_robots_index":"","_vp_format_video_url":"","_vp_image_focal_point":[],"footnotes":""},"class_list":["post-651","page","type-page","status-publish","has-post-thumbnail","hentry"],"acf":[],"_links":{"self":[{"href":"https:\/\/www.camping-laprevote.fr\/en\/wp-json\/wp\/v2\/pages\/651","targetHints":{"allow":["GET"]}}],"collection":[{"href":"https:\/\/www.camping-laprevote.fr\/en\/wp-json\/wp\/v2\/pages"}],"about":[{"href":"https:\/\/www.camping-laprevote.fr\/en\/wp-json\/wp\/v2\/types\/page"}],"author":[{"embeddable":true,"href":"https:\/\/www.camping-laprevote.fr\/en\/wp-json\/wp\/v2\/users\/1"}],"replies":[{"embeddable":true,"href":"https:\/\/www.camping-laprevote.fr\/en\/wp-json\/wp\/v2\/comments?post=651"}],"version-history":[{"count":40,"href":"https:\/\/www.camping-laprevote.fr\/en\/wp-json\/wp\/v2\/pages\/651\/revisions"}],"predecessor-version":[{"id":10603,"href":"https:\/\/www.camping-laprevote.fr\/en\/wp-json\/wp\/v2\/pages\/651\/revisions\/10603"}],"wp:featuredmedia":[{"embeddable":true,"href":"https:\/\/www.camping-laprevote.fr\/en\/wp-json\/wp\/v2\/media\/10147"}],"wp:attachment":[{"href":"https:\/\/www.camping-laprevote.fr\/en\/wp-json\/wp\/v2\/media?parent=651"}],"curies":[{"name":"wp","href":"https:\/\/api.w.org\/{rel}","templated":true}]}}