{"id":451,"date":"2025-01-07T10:16:02","date_gmt":"2025-01-07T09:16:02","guid":{"rendered":"https:\/\/www.camping-laprevote.fr\/?page_id=451"},"modified":"2025-02-27T09:27:41","modified_gmt":"2025-02-27T08:27:41","slug":"les-sables-dolonne","status":"publish","type":"page","link":"https:\/\/www.camping-laprevote.fr\/en\/cote-villes\/les-sables-dolonne\/","title":{"rendered":"Les Sables d'Olonne"},"content":{"rendered":"<div class=\"wp-block-stackable-text stk-block-text stk-block stk-85627ba\" data-block-id=\"85627ba\"><style>.stk-85627ba {margin-right:10% !important;margin-bottom:4% !important;margin-left:10% !important;}.stk-85627ba .stk-block-text__text{font-size:20px !important;}@media screen and (max-width: 1023px){.stk-85627ba .stk-block-text__text{font-size:20px !important;}}<\/style><p class=\"stk-block-text__text has-text-align-center\">The town is world-famous for the Vend\u00e9e Globe yacht race, and is the starting point for this legendary race. It also boasts a pretty <a href=\"https:\/\/www.camping-laprevote.fr\/en\/sea-coast\/\" data-type=\"page\" data-id=\"462\">beach<\/a> sandy beaches and picturesque landscapes.<br><br>Your children will be delighted to visit the <strong>Zoo <\/strong>des Sables to discover many exotic species.<\/p><\/div>\n\n\n\n<div class=\"wp-block-stackable-columns stk-block-columns stk-block stk-421c18e\" data-block-id=\"421c18e\"><style>.stk-421c18e .stk--block-align-421c18e{align-items:center !important;}.stk-421c18e {margin-right:10% !important;margin-left:10% !important;}.stk-421c18e-column{--stk-column-gap:10px !important;}<\/style><div class=\"stk-row stk-inner-blocks stk--block-align-421c18e stk-block-content stk-content-align stk-421c18e-column\">\n<div class=\"wp-block-stackable-column stk-block-column stk-column stk-block stk-35c79c6\" data-v=\"4\" data-block-id=\"35c79c6\"><div class=\"stk-column-wrapper stk-block-column__content stk-container stk-35c79c6-container stk--no-background stk--no-padding\"><div class=\"stk-block-content stk-inner-blocks stk-35c79c6-inner-blocks\">\n<div class=\"wp-block-stackable-heading stk-block-heading stk-block-heading--v2 stk-block stk-ec7c8bb\" id=\"strong-decouvrez-cette-belle-station-balneaire-strong\" data-block-id=\"ec7c8bb\"><style>.stk-ec7c8bb .stk-block-heading__text{font-size:25px !important;}@media screen and (max-width: 1023px){.stk-ec7c8bb .stk-block-heading__text{font-size:25px !important;}}<\/style><h2 class=\"stk-block-heading__text\"><strong>Discover this beautiful seaside resort<\/strong><\/h2><\/div>\n\n\n\n<div class=\"wp-block-stackable-text stk-block-text stk-block stk-044fcc3\" data-block-id=\"044fcc3\"><style>.stk-044fcc3 {margin-bottom:7px !important;}.stk-044fcc3 .stk-block-text__text{font-size:0.9em !important;}@media screen and (max-width: 1023px){.stk-044fcc3 .stk-block-text__text{font-size:0.9em !important;}}<\/style><p class=\"stk-block-text__text\">Stop off at the <strong>Chaume<\/strong>It's an authentic and picturesque area. Take your time exploring the forest, marshes, beaches and dunes. Les salines - salt adventure park, come and discover the history of salt in the village of Aubraie. <br>An unusual visit to <strong>museum <\/strong>of shells, to admire over 50,000 shells.<br><br>You will also find a <strong>pedestrian street<\/strong> There are plenty of places to stroll and shop, and plenty of restaurants to enjoy.<\/p><\/div>\n\n\n\n<div class=\"wp-block-stackable-text stk-block-text stk-block stk-348e164\" data-block-id=\"348e164\"><style>.stk-348e164 .stk-block-text__text{font-size:0.9em !important;}@media screen and (max-width: 1023px){.stk-348e164 .stk-block-text__text{font-size:0.9em !important;}}<\/style><p class=\"stk-block-text__text\">And to finish off the day, take a stroll along the embankment of Les Sables d'Olonne, a pretty pedestrianised area dotted with narrow streets and hollyhocks known as Ile Penotte. A woman from Sables, nicknamed \"la dame aux coquillages\" (\"the lady with the shells\"), decided to revive the area where she grew up. For years, she decorated the walls of the houses with multicoloured shells. A stroll through this unusual district is like visiting an open-air museum.<\/p><\/div>\n\n\n\n<div class=\"wp-block-stackable-image stk-block-image has-text-align-center stk-block stk-adbf876\" data-block-id=\"adbf876\"><style>.stk-adbf876 {margin-top:-2% !important;}.stk-adbf876 .stk-img-wrapper{width:30% !important;height:100% !important;}<\/style><figure><span class=\"stk-img-wrapper stk-image--shape-stretch\"><img alt=\"sun\" loading=\"lazy\" decoding=\"async\" class=\"stk-img wp-image-313\" src=\"https:\/\/www.camping-laprevote.fr\/wp-content\/uploads\/2025\/01\/soleil.png\" width=\"250\" height=\"250\" srcset=\"https:\/\/www.camping-laprevote.fr\/wp-content\/uploads\/2025\/01\/soleil.png 250w, https:\/\/www.camping-laprevote.fr\/wp-content\/uploads\/2025\/01\/soleil-150x150.png 150w\" sizes=\"auto, (max-width: 250px) 100vw, 250px\" \/><\/span><\/figure><\/div>\n<\/div><\/div><\/div>\n\n\n\n<div class=\"wp-block-stackable-column stk-block-column stk-column stk-block stk-d2531f0\" data-v=\"4\" data-block-id=\"d2531f0\"><div class=\"stk-column-wrapper stk-block-column__content stk-container stk-d2531f0-container stk--no-background stk--no-padding\"><div class=\"stk-block-content stk-inner-blocks stk-d2531f0-inner-blocks\">\n<div class=\"wp-block-stackable-image stk-block-image stk-block stk-5accae6\" data-block-id=\"5accae6\"><style>.stk-5accae6 {border-top-right-radius:60px !important;border-bottom-left-radius:60px !important;overflow:hidden !important;box-shadow:0px 0px 10px 2px #0000008c !important;}<\/style><figure><span class=\"stk-img-wrapper stk-image--shape-stretch\"><img alt=\"les Sables d&#039;Olonne\" loading=\"lazy\" decoding=\"async\" class=\"stk-img wp-image-453\" src=\"https:\/\/www.camping-laprevote.fr\/wp-content\/uploads\/2025\/01\/les-sables-cayola-IMG_2495-Personnalise.jpg\" width=\"900\" height=\"600\" srcset=\"https:\/\/www.camping-laprevote.fr\/wp-content\/uploads\/2025\/01\/les-sables-cayola-IMG_2495-Personnalise.jpg 900w, https:\/\/www.camping-laprevote.fr\/wp-content\/uploads\/2025\/01\/les-sables-cayola-IMG_2495-Personnalise-300x200.jpg 300w, https:\/\/www.camping-laprevote.fr\/wp-content\/uploads\/2025\/01\/les-sables-cayola-IMG_2495-Personnalise-768x512.jpg 768w, https:\/\/www.camping-laprevote.fr\/wp-content\/uploads\/2025\/01\/les-sables-cayola-IMG_2495-Personnalise-500x333.jpg 500w, https:\/\/www.camping-laprevote.fr\/wp-content\/uploads\/2025\/01\/les-sables-cayola-IMG_2495-Personnalise-800x533.jpg 800w\" sizes=\"auto, (max-width: 900px) 100vw, 900px\" \/><\/span><\/figure><\/div>\n<\/div><\/div><\/div>\n<\/div><\/div>\n\n\n<div class=\"wp-block-visual-portfolio alignwide\">\n<div class=\"vp-portfolio vp-uid-41f6a284 vp-id-Z1DqkBo\"\n\tdata-vp-layout=\"tiles\" data-vp-content-source=\"images\" data-vp-items-style=\"default\" data-vp-items-click-action=\"popup_gallery\" data-vp-items-gap=\"15\" data-vp-items-gap-vertical=\"\" data-vp-pagination=\"load-more\" data-vp-next-page-url=\"\" data-vp-tiles-type=\"4|1,1|\" >\n\t<div class=\"vp-portfolio__preloader-wrap\">\n\t\t<div class=\"vp-portfolio__preloader\">\n\t\t\t<img decoding=\"async\" loading=\"eager\" src=\"https:\/\/www.camping-laprevote.fr\/wp-content\/plugins\/visual-portfolio\/assets\/images\/logo-dark.svg\" alt=\"Visual Portfolio, Posts &amp; Image Gallery for WordPress\" width=\"20\" height=\"20\" data-skip-lazy>\n\t\t<\/div>\n\t<\/div>\n\t\t<div class=\"vp-portfolio__items-wrap\">\n\t\t\t\n<div class=\"vp-portfolio__items vp-portfolio__items-style-default vp-portfolio__items-show-overlay-hover\">\n\n\t\t<div\t\tclass=\"vp-portfolio__item-wrap vp-portfolio__item-uid-00a005c3\" data-vp-filter=\"\" \t\t>\n\t\t\t<template class=\"vp-portfolio__item-popup\" style=\"display: none\" data-vp-popup-img=\"https:\/\/www.camping-laprevote.fr\/wp-content\/uploads\/2025\/01\/les-sables-la-chaume-IMG_9704-Personnalise.jpg\" data-vp-popup-img-srcset=\"https:\/\/www.camping-laprevote.fr\/wp-content\/uploads\/2025\/01\/les-sables-la-chaume-IMG_9704-Personnalise.jpg 900w, https:\/\/www.camping-laprevote.fr\/wp-content\/uploads\/2025\/01\/les-sables-la-chaume-IMG_9704-Personnalise-300x200.jpg 300w, https:\/\/www.camping-laprevote.fr\/wp-content\/uploads\/2025\/01\/les-sables-la-chaume-IMG_9704-Personnalise-768x512.jpg 768w, https:\/\/www.camping-laprevote.fr\/wp-content\/uploads\/2025\/01\/les-sables-la-chaume-IMG_9704-Personnalise-500x333.jpg 500w, https:\/\/www.camping-laprevote.fr\/wp-content\/uploads\/2025\/01\/les-sables-la-chaume-IMG_9704-Personnalise-800x533.jpg 800w\" data-vp-popup-img-size=\"900x600\" data-vp-popup-md-img=\"https:\/\/www.camping-laprevote.fr\/wp-content\/uploads\/2025\/01\/les-sables-la-chaume-IMG_9704-Personnalise-800x533.jpg\" data-vp-popup-md-img-size=\"800x533\" data-vp-popup-sm-img=\"https:\/\/www.camping-laprevote.fr\/wp-content\/uploads\/2025\/01\/les-sables-la-chaume-IMG_9704-Personnalise-500x333.jpg\" data-vp-popup-sm-img-size=\"500x333\">\n\t<\/template>\n\t\t\t\t\t\t<figure class=\"vp-portfolio__item\">\n\t\t\t\t\n<div class=\"vp-portfolio__item-img-wrap\">\n\t<div class=\"vp-portfolio__item-img\">\n\t\t\t<a\n\t\thref=\"https:\/\/www.camping-laprevote.fr\/wp-content\/uploads\/2025\/01\/les-sables-la-chaume-IMG_9704-Personnalise.jpg\"\n\t\taria-label=\"Open image\" \t>\n\t\n\t\t<noscript><img loading=\"lazy\" decoding=\"async\" width=\"900\" height=\"600\" data-skip-lazy src=\"https:\/\/www.camping-laprevote.fr\/wp-content\/uploads\/2025\/01\/les-sables-la-chaume-IMG_9704-Personnalise.jpg\" class=\"wp-image-454\" alt=\"les Sables d&#039;Olonne\" srcset=\"https:\/\/www.camping-laprevote.fr\/wp-content\/uploads\/2025\/01\/les-sables-la-chaume-IMG_9704-Personnalise.jpg 900w, https:\/\/www.camping-laprevote.fr\/wp-content\/uploads\/2025\/01\/les-sables-la-chaume-IMG_9704-Personnalise-300x200.jpg 300w, https:\/\/www.camping-laprevote.fr\/wp-content\/uploads\/2025\/01\/les-sables-la-chaume-IMG_9704-Personnalise-768x512.jpg 768w, https:\/\/www.camping-laprevote.fr\/wp-content\/uploads\/2025\/01\/les-sables-la-chaume-IMG_9704-Personnalise-500x333.jpg 500w, https:\/\/www.camping-laprevote.fr\/wp-content\/uploads\/2025\/01\/les-sables-la-chaume-IMG_9704-Personnalise-800x533.jpg 800w\" sizes=\"auto, (max-width: 900px) 100vw, 900px\" \/><\/noscript><img fetchpriority=\"high\" decoding=\"async\" width=\"900\" height=\"600\" src=\"https:\/\/www.camping-laprevote.fr\/wp-content\/uploads\/2025\/01\/les-sables-la-chaume-IMG_9704-Personnalise.jpg\" class=\"wp-image-454 vp-lazyload\" alt=\"les Sables d&#039;Olonne\" srcset=\"data:image\/svg+xml;base64,PHN2ZyB3aWR0aD0iOTAwIiBoZWlnaHQ9IjYwMCIgdmlld0JveD0iMCAwIDkwMCA2MDAiIGZpbGw9Im5vbmUiIHhtbG5zPSJodHRwOi8vd3d3LnczLm9yZy8yMDAwL3N2ZyI+PC9zdmc+\" data-src=\"https:\/\/www.camping-laprevote.fr\/wp-content\/uploads\/2025\/01\/les-sables-la-chaume-IMG_9704-Personnalise.jpg\" data-srcset=\"https:\/\/www.camping-laprevote.fr\/wp-content\/uploads\/2025\/01\/les-sables-la-chaume-IMG_9704-Personnalise.jpg 900w, https:\/\/www.camping-laprevote.fr\/wp-content\/uploads\/2025\/01\/les-sables-la-chaume-IMG_9704-Personnalise-300x200.jpg 300w, https:\/\/www.camping-laprevote.fr\/wp-content\/uploads\/2025\/01\/les-sables-la-chaume-IMG_9704-Personnalise-768x512.jpg 768w, https:\/\/www.camping-laprevote.fr\/wp-content\/uploads\/2025\/01\/les-sables-la-chaume-IMG_9704-Personnalise-500x333.jpg 500w, https:\/\/www.camping-laprevote.fr\/wp-content\/uploads\/2025\/01\/les-sables-la-chaume-IMG_9704-Personnalise-800x533.jpg 800w\" data-sizes=\"auto\" loading=\"eager\">\n\t\t<div class=\"vp-portfolio__item-overlay\">\n\t\t\t\t\t<\/div>\n\n\t\t<\/a>\t<\/div>\n<\/div>\n\n\t\t\t<\/figure>\n\t\t\t\t\t<\/div>\n\t\t\n\t\t<div\t\tclass=\"vp-portfolio__item-wrap vp-portfolio__item-uid-cf1b5230\" data-vp-filter=\"\" \t\t>\n\t\t\t<template class=\"vp-portfolio__item-popup\" style=\"display: none\" data-vp-popup-img=\"https:\/\/www.camping-laprevote.fr\/wp-content\/uploads\/2025\/01\/Ile-penotte-les-sables-d-olonne-IMG_7808-Personnalise.jpg\" data-vp-popup-img-srcset=\"https:\/\/www.camping-laprevote.fr\/wp-content\/uploads\/2025\/01\/Ile-penotte-les-sables-d-olonne-IMG_7808-Personnalise.jpg 900w, https:\/\/www.camping-laprevote.fr\/wp-content\/uploads\/2025\/01\/Ile-penotte-les-sables-d-olonne-IMG_7808-Personnalise-300x200.jpg 300w, https:\/\/www.camping-laprevote.fr\/wp-content\/uploads\/2025\/01\/Ile-penotte-les-sables-d-olonne-IMG_7808-Personnalise-768x512.jpg 768w, https:\/\/www.camping-laprevote.fr\/wp-content\/uploads\/2025\/01\/Ile-penotte-les-sables-d-olonne-IMG_7808-Personnalise-500x333.jpg 500w, https:\/\/www.camping-laprevote.fr\/wp-content\/uploads\/2025\/01\/Ile-penotte-les-sables-d-olonne-IMG_7808-Personnalise-800x533.jpg 800w\" data-vp-popup-img-size=\"900x600\" data-vp-popup-md-img=\"https:\/\/www.camping-laprevote.fr\/wp-content\/uploads\/2025\/01\/Ile-penotte-les-sables-d-olonne-IMG_7808-Personnalise-800x533.jpg\" data-vp-popup-md-img-size=\"800x533\" data-vp-popup-sm-img=\"https:\/\/www.camping-laprevote.fr\/wp-content\/uploads\/2025\/01\/Ile-penotte-les-sables-d-olonne-IMG_7808-Personnalise-500x333.jpg\" data-vp-popup-sm-img-size=\"500x333\">\n\t<\/template>\n\t\t\t\t\t\t<figure class=\"vp-portfolio__item\">\n\t\t\t\t\n<div class=\"vp-portfolio__item-img-wrap\">\n\t<div class=\"vp-portfolio__item-img\">\n\t\t\t<a\n\t\thref=\"https:\/\/www.camping-laprevote.fr\/wp-content\/uploads\/2025\/01\/Ile-penotte-les-sables-d-olonne-IMG_7808-Personnalise.jpg\"\n\t\taria-label=\"Open image\" \t>\n\t\n\t\t<noscript><img loading=\"lazy\" decoding=\"async\" width=\"900\" height=\"600\" data-skip-lazy src=\"https:\/\/www.camping-laprevote.fr\/wp-content\/uploads\/2025\/01\/Ile-penotte-les-sables-d-olonne-IMG_7808-Personnalise.jpg\" class=\"wp-image-455\" alt=\"les Sables d&#039;Olonne\" srcset=\"https:\/\/www.camping-laprevote.fr\/wp-content\/uploads\/2025\/01\/Ile-penotte-les-sables-d-olonne-IMG_7808-Personnalise.jpg 900w, https:\/\/www.camping-laprevote.fr\/wp-content\/uploads\/2025\/01\/Ile-penotte-les-sables-d-olonne-IMG_7808-Personnalise-300x200.jpg 300w, https:\/\/www.camping-laprevote.fr\/wp-content\/uploads\/2025\/01\/Ile-penotte-les-sables-d-olonne-IMG_7808-Personnalise-768x512.jpg 768w, https:\/\/www.camping-laprevote.fr\/wp-content\/uploads\/2025\/01\/Ile-penotte-les-sables-d-olonne-IMG_7808-Personnalise-500x333.jpg 500w, https:\/\/www.camping-laprevote.fr\/wp-content\/uploads\/2025\/01\/Ile-penotte-les-sables-d-olonne-IMG_7808-Personnalise-800x533.jpg 800w\" sizes=\"auto, (max-width: 900px) 100vw, 900px\" \/><\/noscript><img decoding=\"async\" width=\"900\" height=\"600\" src=\"https:\/\/www.camping-laprevote.fr\/wp-content\/uploads\/2025\/01\/Ile-penotte-les-sables-d-olonne-IMG_7808-Personnalise.jpg\" class=\"wp-image-455 vp-lazyload\" alt=\"les Sables d&#039;Olonne\" srcset=\"data:image\/svg+xml;base64,PHN2ZyB3aWR0aD0iOTAwIiBoZWlnaHQ9IjYwMCIgdmlld0JveD0iMCAwIDkwMCA2MDAiIGZpbGw9Im5vbmUiIHhtbG5zPSJodHRwOi8vd3d3LnczLm9yZy8yMDAwL3N2ZyI+PC9zdmc+\" data-src=\"https:\/\/www.camping-laprevote.fr\/wp-content\/uploads\/2025\/01\/Ile-penotte-les-sables-d-olonne-IMG_7808-Personnalise.jpg\" data-srcset=\"https:\/\/www.camping-laprevote.fr\/wp-content\/uploads\/2025\/01\/Ile-penotte-les-sables-d-olonne-IMG_7808-Personnalise.jpg 900w, https:\/\/www.camping-laprevote.fr\/wp-content\/uploads\/2025\/01\/Ile-penotte-les-sables-d-olonne-IMG_7808-Personnalise-300x200.jpg 300w, https:\/\/www.camping-laprevote.fr\/wp-content\/uploads\/2025\/01\/Ile-penotte-les-sables-d-olonne-IMG_7808-Personnalise-768x512.jpg 768w, https:\/\/www.camping-laprevote.fr\/wp-content\/uploads\/2025\/01\/Ile-penotte-les-sables-d-olonne-IMG_7808-Personnalise-500x333.jpg 500w, https:\/\/www.camping-laprevote.fr\/wp-content\/uploads\/2025\/01\/Ile-penotte-les-sables-d-olonne-IMG_7808-Personnalise-800x533.jpg 800w\" data-sizes=\"auto\" loading=\"eager\">\n\t\t<div class=\"vp-portfolio__item-overlay\">\n\t\t\t\t\t<\/div>\n\n\t\t<\/a>\t<\/div>\n<\/div>\n\n\t\t\t<\/figure>\n\t\t\t\t\t<\/div>\n\t\t\n\t\t<div\t\tclass=\"vp-portfolio__item-wrap vp-portfolio__item-uid-44a7ac64\" data-vp-filter=\"\" \t\t>\n\t\t\t<template class=\"vp-portfolio__item-popup\" style=\"display: none\" data-vp-popup-img=\"https:\/\/www.camping-laprevote.fr\/wp-content\/uploads\/2025\/01\/IMG_0253-Personnalise.jpg\" data-vp-popup-img-srcset=\"https:\/\/www.camping-laprevote.fr\/wp-content\/uploads\/2025\/01\/IMG_0253-Personnalise.jpg 900w, https:\/\/www.camping-laprevote.fr\/wp-content\/uploads\/2025\/01\/IMG_0253-Personnalise-300x200.jpg 300w, https:\/\/www.camping-laprevote.fr\/wp-content\/uploads\/2025\/01\/IMG_0253-Personnalise-768x512.jpg 768w, https:\/\/www.camping-laprevote.fr\/wp-content\/uploads\/2025\/01\/IMG_0253-Personnalise-500x333.jpg 500w, https:\/\/www.camping-laprevote.fr\/wp-content\/uploads\/2025\/01\/IMG_0253-Personnalise-800x533.jpg 800w\" data-vp-popup-img-size=\"900x600\" data-vp-popup-md-img=\"https:\/\/www.camping-laprevote.fr\/wp-content\/uploads\/2025\/01\/IMG_0253-Personnalise-800x533.jpg\" data-vp-popup-md-img-size=\"800x533\" data-vp-popup-sm-img=\"https:\/\/www.camping-laprevote.fr\/wp-content\/uploads\/2025\/01\/IMG_0253-Personnalise-500x333.jpg\" data-vp-popup-sm-img-size=\"500x333\">\n\t<\/template>\n\t\t\t\t\t\t<figure class=\"vp-portfolio__item\">\n\t\t\t\t\n<div class=\"vp-portfolio__item-img-wrap\">\n\t<div class=\"vp-portfolio__item-img\">\n\t\t\t<a\n\t\thref=\"https:\/\/www.camping-laprevote.fr\/wp-content\/uploads\/2025\/01\/IMG_0253-Personnalise.jpg\"\n\t\taria-label=\"Open image\" \t>\n\t\n\t\t<noscript><img loading=\"lazy\" decoding=\"async\" width=\"900\" height=\"600\" data-skip-lazy src=\"https:\/\/www.camping-laprevote.fr\/wp-content\/uploads\/2025\/01\/IMG_0253-Personnalise.jpg\" class=\"wp-image-456\" alt=\"les Sables d&#039;Olonne\" srcset=\"https:\/\/www.camping-laprevote.fr\/wp-content\/uploads\/2025\/01\/IMG_0253-Personnalise.jpg 900w, https:\/\/www.camping-laprevote.fr\/wp-content\/uploads\/2025\/01\/IMG_0253-Personnalise-300x200.jpg 300w, https:\/\/www.camping-laprevote.fr\/wp-content\/uploads\/2025\/01\/IMG_0253-Personnalise-768x512.jpg 768w, https:\/\/www.camping-laprevote.fr\/wp-content\/uploads\/2025\/01\/IMG_0253-Personnalise-500x333.jpg 500w, https:\/\/www.camping-laprevote.fr\/wp-content\/uploads\/2025\/01\/IMG_0253-Personnalise-800x533.jpg 800w\" sizes=\"auto, (max-width: 900px) 100vw, 900px\" \/><\/noscript><img decoding=\"async\" width=\"900\" height=\"600\" src=\"https:\/\/www.camping-laprevote.fr\/wp-content\/uploads\/2025\/01\/IMG_0253-Personnalise.jpg\" class=\"wp-image-456 vp-lazyload\" alt=\"les Sables d&#039;Olonne\" srcset=\"data:image\/svg+xml;base64,PHN2ZyB3aWR0aD0iOTAwIiBoZWlnaHQ9IjYwMCIgdmlld0JveD0iMCAwIDkwMCA2MDAiIGZpbGw9Im5vbmUiIHhtbG5zPSJodHRwOi8vd3d3LnczLm9yZy8yMDAwL3N2ZyI+PC9zdmc+\" data-src=\"https:\/\/www.camping-laprevote.fr\/wp-content\/uploads\/2025\/01\/IMG_0253-Personnalise.jpg\" data-srcset=\"https:\/\/www.camping-laprevote.fr\/wp-content\/uploads\/2025\/01\/IMG_0253-Personnalise.jpg 900w, https:\/\/www.camping-laprevote.fr\/wp-content\/uploads\/2025\/01\/IMG_0253-Personnalise-300x200.jpg 300w, https:\/\/www.camping-laprevote.fr\/wp-content\/uploads\/2025\/01\/IMG_0253-Personnalise-768x512.jpg 768w, https:\/\/www.camping-laprevote.fr\/wp-content\/uploads\/2025\/01\/IMG_0253-Personnalise-500x333.jpg 500w, https:\/\/www.camping-laprevote.fr\/wp-content\/uploads\/2025\/01\/IMG_0253-Personnalise-800x533.jpg 800w\" data-sizes=\"auto\" loading=\"eager\">\n\t\t<div class=\"vp-portfolio__item-overlay\">\n\t\t\t\t\t<\/div>\n\n\t\t<\/a>\t<\/div>\n<\/div>\n\n\t\t\t<\/figure>\n\t\t\t\t\t<\/div>\n\t\t\n\t\t<div\t\tclass=\"vp-portfolio__item-wrap vp-portfolio__item-uid-2c00adf8\" data-vp-filter=\"\" \t\t>\n\t\t\t<template class=\"vp-portfolio__item-popup\" style=\"display: none\" data-vp-popup-img=\"https:\/\/www.camping-laprevote.fr\/wp-content\/uploads\/2025\/01\/20220520121029-ff5e874b-me-Personnalise.jpg\" data-vp-popup-img-srcset=\"https:\/\/www.camping-laprevote.fr\/wp-content\/uploads\/2025\/01\/20220520121029-ff5e874b-me-Personnalise.jpg 900w, https:\/\/www.camping-laprevote.fr\/wp-content\/uploads\/2025\/01\/20220520121029-ff5e874b-me-Personnalise-300x200.jpg 300w, https:\/\/www.camping-laprevote.fr\/wp-content\/uploads\/2025\/01\/20220520121029-ff5e874b-me-Personnalise-768x512.jpg 768w, https:\/\/www.camping-laprevote.fr\/wp-content\/uploads\/2025\/01\/20220520121029-ff5e874b-me-Personnalise-500x333.jpg 500w, https:\/\/www.camping-laprevote.fr\/wp-content\/uploads\/2025\/01\/20220520121029-ff5e874b-me-Personnalise-800x533.jpg 800w\" data-vp-popup-img-size=\"900x600\" data-vp-popup-md-img=\"https:\/\/www.camping-laprevote.fr\/wp-content\/uploads\/2025\/01\/20220520121029-ff5e874b-me-Personnalise-800x533.jpg\" data-vp-popup-md-img-size=\"800x533\" data-vp-popup-sm-img=\"https:\/\/www.camping-laprevote.fr\/wp-content\/uploads\/2025\/01\/20220520121029-ff5e874b-me-Personnalise-500x333.jpg\" data-vp-popup-sm-img-size=\"500x333\">\n\t<\/template>\n\t\t\t\t\t\t<figure class=\"vp-portfolio__item\">\n\t\t\t\t\n<div class=\"vp-portfolio__item-img-wrap\">\n\t<div class=\"vp-portfolio__item-img\">\n\t\t\t<a\n\t\thref=\"https:\/\/www.camping-laprevote.fr\/wp-content\/uploads\/2025\/01\/20220520121029-ff5e874b-me-Personnalise.jpg\"\n\t\taria-label=\"Open image\" \t>\n\t\n\t\t<noscript><img loading=\"lazy\" decoding=\"async\" width=\"900\" height=\"600\" data-skip-lazy src=\"https:\/\/www.camping-laprevote.fr\/wp-content\/uploads\/2025\/01\/20220520121029-ff5e874b-me-Personnalise.jpg\" class=\"wp-image-10209\" alt=\"beach\" srcset=\"https:\/\/www.camping-laprevote.fr\/wp-content\/uploads\/2025\/01\/20220520121029-ff5e874b-me-Personnalise.jpg 900w, https:\/\/www.camping-laprevote.fr\/wp-content\/uploads\/2025\/01\/20220520121029-ff5e874b-me-Personnalise-300x200.jpg 300w, https:\/\/www.camping-laprevote.fr\/wp-content\/uploads\/2025\/01\/20220520121029-ff5e874b-me-Personnalise-768x512.jpg 768w, https:\/\/www.camping-laprevote.fr\/wp-content\/uploads\/2025\/01\/20220520121029-ff5e874b-me-Personnalise-500x333.jpg 500w, https:\/\/www.camping-laprevote.fr\/wp-content\/uploads\/2025\/01\/20220520121029-ff5e874b-me-Personnalise-800x533.jpg 800w\" sizes=\"auto, (max-width: 900px) 100vw, 900px\" \/><\/noscript><img decoding=\"async\" width=\"900\" height=\"600\" src=\"https:\/\/www.camping-laprevote.fr\/wp-content\/uploads\/2025\/01\/20220520121029-ff5e874b-me-Personnalise.jpg\" class=\"wp-image-10209 vp-lazyload\" alt=\"beach\" srcset=\"data:image\/svg+xml;base64,PHN2ZyB3aWR0aD0iOTAwIiBoZWlnaHQ9IjYwMCIgdmlld0JveD0iMCAwIDkwMCA2MDAiIGZpbGw9Im5vbmUiIHhtbG5zPSJodHRwOi8vd3d3LnczLm9yZy8yMDAwL3N2ZyI+PC9zdmc+\" data-src=\"https:\/\/www.camping-laprevote.fr\/wp-content\/uploads\/2025\/01\/20220520121029-ff5e874b-me-Personnalise.jpg\" data-srcset=\"https:\/\/www.camping-laprevote.fr\/wp-content\/uploads\/2025\/01\/20220520121029-ff5e874b-me-Personnalise.jpg 900w, https:\/\/www.camping-laprevote.fr\/wp-content\/uploads\/2025\/01\/20220520121029-ff5e874b-me-Personnalise-300x200.jpg 300w, https:\/\/www.camping-laprevote.fr\/wp-content\/uploads\/2025\/01\/20220520121029-ff5e874b-me-Personnalise-768x512.jpg 768w, https:\/\/www.camping-laprevote.fr\/wp-content\/uploads\/2025\/01\/20220520121029-ff5e874b-me-Personnalise-500x333.jpg 500w, https:\/\/www.camping-laprevote.fr\/wp-content\/uploads\/2025\/01\/20220520121029-ff5e874b-me-Personnalise-800x533.jpg 800w\" data-sizes=\"auto\" loading=\"eager\">\n\t\t<div class=\"vp-portfolio__item-overlay\">\n\t\t\t\t\t<\/div>\n\n\t\t<\/a>\t<\/div>\n<\/div>\n\n\t\t\t<\/figure>\n\t\t\t\t\t<\/div>\n\t\t\n<\/div>\n\t\t<\/div>\n\t\t\n<\/div>\n<\/div>","protected":false},"excerpt":{"rendered":"<p>Ville mondialement connue pour la course de voiliers \u00ab Le Vend\u00e9e Globe \u00bb , c\u2019est le point de d\u00e9part de cette course mythique. Elle poss\u00e8de aussi une jolie plage de sable fin ainsi que des paysages pittoresques. Vos enfants seront ravis d\u2019aller visiter le Zoo des Sables afin de d\u00e9couvrir de nombreuses esp\u00e8ces exotiques. D\u00e9couvrez [&hellip;]<\/p>\n","protected":false},"author":1,"featured_media":10138,"parent":480,"menu_order":0,"comment_status":"closed","ping_status":"closed","template":"","meta":{"_acf_changed":false,"_seopress_robots_primary_cat":"","_seopress_titles_title":"Connaissez vous les Sables d'Olonne ?","_seopress_titles_desc":"Cette belle station baln\u00e9aire de Vend\u00e9e vous attend pour des journ\u00e9es ensoleill\u00e9es. Balades, baignades, et plaisir seront les ma\u00eetres mots ici.","_seopress_robots_index":"","_vp_format_video_url":"","_vp_image_focal_point":[],"footnotes":""},"class_list":["post-451","page","type-page","status-publish","has-post-thumbnail","hentry"],"acf":[],"_links":{"self":[{"href":"https:\/\/www.camping-laprevote.fr\/en\/wp-json\/wp\/v2\/pages\/451","targetHints":{"allow":["GET"]}}],"collection":[{"href":"https:\/\/www.camping-laprevote.fr\/en\/wp-json\/wp\/v2\/pages"}],"about":[{"href":"https:\/\/www.camping-laprevote.fr\/en\/wp-json\/wp\/v2\/types\/page"}],"author":[{"embeddable":true,"href":"https:\/\/www.camping-laprevote.fr\/en\/wp-json\/wp\/v2\/users\/1"}],"replies":[{"embeddable":true,"href":"https:\/\/www.camping-laprevote.fr\/en\/wp-json\/wp\/v2\/comments?post=451"}],"version-history":[{"count":14,"href":"https:\/\/www.camping-laprevote.fr\/en\/wp-json\/wp\/v2\/pages\/451\/revisions"}],"predecessor-version":[{"id":10597,"href":"https:\/\/www.camping-laprevote.fr\/en\/wp-json\/wp\/v2\/pages\/451\/revisions\/10597"}],"up":[{"embeddable":true,"href":"https:\/\/www.camping-laprevote.fr\/en\/wp-json\/wp\/v2\/pages\/480"}],"wp:featuredmedia":[{"embeddable":true,"href":"https:\/\/www.camping-laprevote.fr\/en\/wp-json\/wp\/v2\/media\/10138"}],"wp:attachment":[{"href":"https:\/\/www.camping-laprevote.fr\/en\/wp-json\/wp\/v2\/media?parent=451"}],"curies":[{"name":"wp","href":"https:\/\/api.w.org\/{rel}","templated":true}]}}