{"id":329,"date":"2025-01-06T15:17:09","date_gmt":"2025-01-06T14:17:09","guid":{"rendered":"https:\/\/www.camping-laprevote.fr\/?page_id=329"},"modified":"2025-05-26T15:47:19","modified_gmt":"2025-05-26T13:47:19","slug":"the-pool","status":"publish","type":"page","link":"https:\/\/www.camping-laprevote.fr\/en\/la-piscine\/","title":{"rendered":"The swimming pool"},"content":{"rendered":"<div class=\"wp-block-stackable-columns stk-block-columns stk-block stk-df6ec8f\" data-block-id=\"df6ec8f\"><style>.stk-df6ec8f .stk--block-align-df6ec8f{align-items:center !important;}.stk-df6ec8f {margin-right:10% !important;margin-left:10% !important;}.stk-df6ec8f-column{--stk-columns-spacing:0px !important;}<\/style><div class=\"stk-row stk-inner-blocks stk--block-align-df6ec8f stk-block-content stk-content-align stk-df6ec8f-column\">\n<div class=\"wp-block-stackable-column stk-block-column stk-column stk-block stk-6b2130e stk-block-background\" data-v=\"4\" data-block-id=\"6b2130e\"><style>.stk-6b2130e {background-color:#deeaee !important;background-position:center right !important;background-repeat:no-repeat !important;background-size:53% !important;padding-top:5% !important;padding-right:5% !important;padding-bottom:5% !important;padding-left:5% !important;}.stk-6b2130e:before{background-color:#deeaee !important;}<\/style><div class=\"stk-column-wrapper stk-block-column__content stk-container stk-6b2130e-container stk--no-background stk--no-padding\"><div class=\"stk-block-content stk-inner-blocks stk-6b2130e-inner-blocks\">\n<div class=\"wp-block-stackable-heading stk-block-heading stk-block-heading--v2 stk-block stk-dd6351d\" id=\"strong-profitez-de-la-piscine-chauffee-strong\" data-block-id=\"dd6351d\"><style>.stk-dd6351d .stk-block-heading__text{font-size:24px !important;color:#0c88ac !important;text-transform:uppercase !important;}@media screen and (max-width: 1023px){.stk-dd6351d .stk-block-heading__text{font-size:24px !important;}}<\/style><h2 class=\"stk-block-heading__text has-text-color\"><strong>Enjoy the heated swimming pool<\/strong><\/h2><\/div>\n\n\n\n<div class=\"wp-block-stackable-text stk-block-text stk-block stk-4d662cb\" data-block-id=\"4d662cb\"><style>.stk-4d662cb .stk-block-text__text{font-size:20px !important;}@media screen and (max-width: 1023px){.stk-4d662cb .stk-block-text__text{font-size:20px !important;}}<\/style><p class=\"stk-block-text__text\">The campsite is equipped with a <strong>pool <\/strong>heated, uncovered outdoor pool.<br><br>For the little ones, there's also a <strong>paddling pool<\/strong>.<br><br>The swimming pool is open from May to October, weather permitting.<br><br>Opening times are from 10am to 8pm.<br><\/p><\/div>\n<\/div><\/div><\/div>\n\n\n\n<div class=\"wp-block-stackable-column stk-block-column stk-column stk-block stk-05d368f\" data-v=\"4\" data-block-id=\"05d368f\"><div class=\"stk-column-wrapper stk-block-column__content stk-container stk-05d368f-container stk--no-background stk--no-padding\"><div class=\"stk-block-content stk-inner-blocks stk-05d368f-inner-blocks\">\n<div class=\"wp-block-stackable-image stk-block-image stk-block stk-47246a7\" data-block-id=\"47246a7\"><style>.stk-47246a7 {box-shadow:0px 5px 30px -10px #000000c7 !important;}<\/style><figure><span class=\"stk-img-wrapper stk-image--shape-stretch\"><img loading=\"lazy\" decoding=\"async\" class=\"stk-img wp-image-10542\" src=\"https:\/\/www.camping-laprevote.fr\/wp-content\/uploads\/2025\/02\/piscine-2-Personnalise.jpg\" width=\"1000\" height=\"750\" alt=\"swimming pool at the Pr\u00e9vot\u00e9 campsite in Saint Hilaire de Riez\" srcset=\"https:\/\/www.camping-laprevote.fr\/wp-content\/uploads\/2025\/02\/piscine-2-Personnalise.jpg 1000w, https:\/\/www.camping-laprevote.fr\/wp-content\/uploads\/2025\/02\/piscine-2-Personnalise-300x225.jpg 300w, https:\/\/www.camping-laprevote.fr\/wp-content\/uploads\/2025\/02\/piscine-2-Personnalise-768x576.jpg 768w, https:\/\/www.camping-laprevote.fr\/wp-content\/uploads\/2025\/02\/piscine-2-Personnalise-16x12.jpg 16w, https:\/\/www.camping-laprevote.fr\/wp-content\/uploads\/2025\/02\/piscine-2-Personnalise-500x375.jpg 500w, https:\/\/www.camping-laprevote.fr\/wp-content\/uploads\/2025\/02\/piscine-2-Personnalise-800x600.jpg 800w\" sizes=\"auto, (max-width: 1000px) 100vw, 1000px\" \/><\/span><\/figure><\/div>\n<\/div><\/div><\/div>\n<\/div><\/div>\n\n\n\n<div class=\"wp-block-stackable-image stk-block-image has-text-align-right stk-block stk-49aa678\" data-block-id=\"49aa678\"><style>.stk-49aa678 {margin-top:-35% !important;z-index:0 !important;}.stk-49aa678 .stk-img-wrapper{width:40% !important;height:100% !important;}<\/style><figure><span class=\"stk-img-wrapper stk-image--shape-stretch\"><img alt=\"sun\" loading=\"lazy\" decoding=\"async\" class=\"stk-img wp-image-10489\" src=\"https:\/\/www.camping-laprevote.fr\/wp-content\/uploads\/2025\/02\/soleil.png\" width=\"3543\" height=\"3543\" srcset=\"https:\/\/www.camping-laprevote.fr\/wp-content\/uploads\/2025\/02\/soleil.png 3543w, https:\/\/www.camping-laprevote.fr\/wp-content\/uploads\/2025\/02\/soleil-300x300.png 300w, https:\/\/www.camping-laprevote.fr\/wp-content\/uploads\/2025\/02\/soleil-1024x1024.png 1024w, https:\/\/www.camping-laprevote.fr\/wp-content\/uploads\/2025\/02\/soleil-150x150.png 150w, https:\/\/www.camping-laprevote.fr\/wp-content\/uploads\/2025\/02\/soleil-768x768.png 768w, https:\/\/www.camping-laprevote.fr\/wp-content\/uploads\/2025\/02\/soleil-1536x1536.png 1536w, https:\/\/www.camping-laprevote.fr\/wp-content\/uploads\/2025\/02\/soleil-2048x2048.png 2048w, https:\/\/www.camping-laprevote.fr\/wp-content\/uploads\/2025\/02\/soleil-12x12.png 12w, https:\/\/www.camping-laprevote.fr\/wp-content\/uploads\/2025\/02\/soleil-500x500.png 500w, https:\/\/www.camping-laprevote.fr\/wp-content\/uploads\/2025\/02\/soleil-800x800.png 800w, https:\/\/www.camping-laprevote.fr\/wp-content\/uploads\/2025\/02\/soleil-1280x1280.png 1280w, https:\/\/www.camping-laprevote.fr\/wp-content\/uploads\/2025\/02\/soleil-1920x1920.png 1920w\" sizes=\"auto, (max-width: 3543px) 100vw, 3543px\" \/><\/span><\/figure><\/div>\n\n\n<div class=\"wp-block-visual-portfolio alignwide\">\n<div class=\"vp-portfolio vp-uid-c3d51cf8 vp-id-1q4o07\"\n\tdata-vp-layout=\"tiles\" data-vp-content-source=\"images\" data-vp-items-style=\"default\" data-vp-items-click-action=\"popup_gallery\" data-vp-items-gap=\"15\" data-vp-items-gap-vertical=\"\" data-vp-pagination=\"load-more\" data-vp-next-page-url=\"\" data-vp-tiles-type=\"3|1,1|\" >\n\t<div class=\"vp-portfolio__preloader-wrap\">\n\t\t<div class=\"vp-portfolio__preloader\">\n\t\t\t<img decoding=\"async\" loading=\"eager\" src=\"https:\/\/www.camping-laprevote.fr\/wp-content\/plugins\/visual-portfolio\/assets\/images\/logo-dark.svg\" alt=\"Visual Portfolio, Posts &amp; Image Gallery for WordPress\" width=\"20\" height=\"20\" data-skip-lazy>\n\t\t<\/div>\n\t<\/div>\n\t\t<div class=\"vp-portfolio__items-wrap\">\n\t\t\t\n<div class=\"vp-portfolio__items vp-portfolio__items-style-default vp-portfolio__items-show-overlay-hover\">\n\n\t\t<div\t\tclass=\"vp-portfolio__item-wrap vp-portfolio__item-uid-0282d75f\" data-vp-filter=\"\" \t\t>\n\t\t\t<template class=\"vp-portfolio__item-popup\" style=\"display: none\" data-vp-popup-img=\"https:\/\/www.camping-laprevote.fr\/wp-content\/uploads\/2025\/01\/piscine-ensoleilllee.jpg\" data-vp-popup-img-srcset=\"https:\/\/www.camping-laprevote.fr\/wp-content\/uploads\/2025\/01\/piscine-ensoleilllee.jpg 1024w, https:\/\/www.camping-laprevote.fr\/wp-content\/uploads\/2025\/01\/piscine-ensoleilllee-300x225.jpg 300w, https:\/\/www.camping-laprevote.fr\/wp-content\/uploads\/2025\/01\/piscine-ensoleilllee-768x576.jpg 768w, https:\/\/www.camping-laprevote.fr\/wp-content\/uploads\/2025\/01\/piscine-ensoleilllee-500x375.jpg 500w, https:\/\/www.camping-laprevote.fr\/wp-content\/uploads\/2025\/01\/piscine-ensoleilllee-800x600.jpg 800w\" data-vp-popup-img-size=\"1024x768\" data-vp-popup-md-img=\"https:\/\/www.camping-laprevote.fr\/wp-content\/uploads\/2025\/01\/piscine-ensoleilllee-800x600.jpg\" data-vp-popup-md-img-size=\"800x600\" data-vp-popup-sm-img=\"https:\/\/www.camping-laprevote.fr\/wp-content\/uploads\/2025\/01\/piscine-ensoleilllee-500x375.jpg\" data-vp-popup-sm-img-size=\"500x375\">\n\t<\/template>\n\t\t\t\t\t\t<figure class=\"vp-portfolio__item\">\n\t\t\t\t\n<div class=\"vp-portfolio__item-img-wrap\">\n\t<div class=\"vp-portfolio__item-img\">\n\t\t\t<a\n\t\thref=\"https:\/\/www.camping-laprevote.fr\/wp-content\/uploads\/2025\/01\/piscine-ensoleilllee.jpg\"\n\t\taria-label=\"Open image\" \t>\n\t\n\t\t<noscript><img loading=\"lazy\" decoding=\"async\" width=\"1024\" height=\"768\" data-skip-lazy src=\"https:\/\/www.camping-laprevote.fr\/wp-content\/uploads\/2025\/01\/piscine-ensoleilllee.jpg\" class=\"wp-image-350\" alt=\"swimming pool at the Pr\u00e9vot\u00e9 campsite in Saint Hilaire de Riez\" srcset=\"https:\/\/www.camping-laprevote.fr\/wp-content\/uploads\/2025\/01\/piscine-ensoleilllee.jpg 1024w, https:\/\/www.camping-laprevote.fr\/wp-content\/uploads\/2025\/01\/piscine-ensoleilllee-300x225.jpg 300w, https:\/\/www.camping-laprevote.fr\/wp-content\/uploads\/2025\/01\/piscine-ensoleilllee-768x576.jpg 768w, https:\/\/www.camping-laprevote.fr\/wp-content\/uploads\/2025\/01\/piscine-ensoleilllee-500x375.jpg 500w, https:\/\/www.camping-laprevote.fr\/wp-content\/uploads\/2025\/01\/piscine-ensoleilllee-800x600.jpg 800w\" sizes=\"auto, (max-width: 1024px) 100vw, 1024px\" \/><\/noscript><img fetchpriority=\"high\" decoding=\"async\" width=\"1024\" height=\"768\" src=\"https:\/\/www.camping-laprevote.fr\/wp-content\/uploads\/2025\/01\/piscine-ensoleilllee.jpg\" class=\"wp-image-350 vp-lazyload\" alt=\"swimming pool at the Pr\u00e9vot\u00e9 campsite in Saint Hilaire de Riez\" srcset=\"data:image\/svg+xml;base64,PHN2ZyB3aWR0aD0iMTAyNCIgaGVpZ2h0PSI3NjgiIHZpZXdCb3g9IjAgMCAxMDI0IDc2OCIgZmlsbD0ibm9uZSIgeG1sbnM9Imh0dHA6Ly93d3cudzMub3JnLzIwMDAvc3ZnIj48L3N2Zz4=\" data-src=\"https:\/\/www.camping-laprevote.fr\/wp-content\/uploads\/2025\/01\/piscine-ensoleilllee.jpg\" data-srcset=\"https:\/\/www.camping-laprevote.fr\/wp-content\/uploads\/2025\/01\/piscine-ensoleilllee.jpg 1024w, https:\/\/www.camping-laprevote.fr\/wp-content\/uploads\/2025\/01\/piscine-ensoleilllee-300x225.jpg 300w, https:\/\/www.camping-laprevote.fr\/wp-content\/uploads\/2025\/01\/piscine-ensoleilllee-768x576.jpg 768w, https:\/\/www.camping-laprevote.fr\/wp-content\/uploads\/2025\/01\/piscine-ensoleilllee-500x375.jpg 500w, https:\/\/www.camping-laprevote.fr\/wp-content\/uploads\/2025\/01\/piscine-ensoleilllee-800x600.jpg 800w\" data-sizes=\"auto\" loading=\"eager\">\n\t\t<div class=\"vp-portfolio__item-overlay\">\n\t\t\t\t\t<\/div>\n\n\t\t<\/a>\t<\/div>\n<\/div>\n\n\t\t\t<\/figure>\n\t\t\t\t\t<\/div>\n\t\t\n\t\t<div\t\tclass=\"vp-portfolio__item-wrap vp-portfolio__item-uid-a4dd1df6\" data-vp-filter=\"\" \t\t>\n\t\t\t<template class=\"vp-portfolio__item-popup\" style=\"display: none\" data-vp-popup-img=\"https:\/\/www.camping-laprevote.fr\/wp-content\/uploads\/2024\/12\/Group-18.png\" data-vp-popup-img-srcset=\"https:\/\/www.camping-laprevote.fr\/wp-content\/uploads\/2024\/12\/Group-18.png 1440w, https:\/\/www.camping-laprevote.fr\/wp-content\/uploads\/2024\/12\/Group-18-300x213.png 300w, https:\/\/www.camping-laprevote.fr\/wp-content\/uploads\/2024\/12\/Group-18-1024x725.png 1024w, https:\/\/www.camping-laprevote.fr\/wp-content\/uploads\/2024\/12\/Group-18-768x544.png 768w\" data-vp-popup-img-size=\"1440x1020\" data-vp-popup-md-img=\"https:\/\/www.camping-laprevote.fr\/wp-content\/uploads\/2024\/12\/Group-18.png\" data-vp-popup-md-img-size=\"800x567\" data-vp-popup-sm-img=\"https:\/\/www.camping-laprevote.fr\/wp-content\/uploads\/2024\/12\/Group-18.png\" data-vp-popup-sm-img-size=\"500x354\">\n\t<\/template>\n\t\t\t\t\t\t<figure class=\"vp-portfolio__item\">\n\t\t\t\t\n<div class=\"vp-portfolio__item-img-wrap\">\n\t<div class=\"vp-portfolio__item-img\">\n\t\t\t<a\n\t\thref=\"https:\/\/www.camping-laprevote.fr\/wp-content\/uploads\/2024\/12\/Group-18.png\"\n\t\taria-label=\"Open image\" \t>\n\t\n\t\t<noscript><img loading=\"lazy\" decoding=\"async\" width=\"1440\" height=\"1020\" data-skip-lazy src=\"https:\/\/www.camping-laprevote.fr\/wp-content\/uploads\/2024\/12\/Group-18.png\" class=\"wp-image-14\" alt=\"camping la Pr\u00e9vot\u00e9\" srcset=\"https:\/\/www.camping-laprevote.fr\/wp-content\/uploads\/2024\/12\/Group-18.png 1440w, https:\/\/www.camping-laprevote.fr\/wp-content\/uploads\/2024\/12\/Group-18-300x213.png 300w, https:\/\/www.camping-laprevote.fr\/wp-content\/uploads\/2024\/12\/Group-18-1024x725.png 1024w, https:\/\/www.camping-laprevote.fr\/wp-content\/uploads\/2024\/12\/Group-18-768x544.png 768w\" sizes=\"auto, (max-width: 1440px) 100vw, 1440px\" \/><\/noscript><img decoding=\"async\" width=\"1440\" height=\"1020\" src=\"https:\/\/www.camping-laprevote.fr\/wp-content\/uploads\/2024\/12\/Group-18.png\" class=\"wp-image-14 vp-lazyload\" alt=\"camping la Pr\u00e9vot\u00e9\" srcset=\"data:image\/svg+xml;base64,PHN2ZyB3aWR0aD0iMTQ0MCIgaGVpZ2h0PSIxMDIwIiB2aWV3Qm94PSIwIDAgMTQ0MCAxMDIwIiBmaWxsPSJub25lIiB4bWxucz0iaHR0cDovL3d3dy53My5vcmcvMjAwMC9zdmciPjwvc3ZnPg==\" data-src=\"https:\/\/www.camping-laprevote.fr\/wp-content\/uploads\/2024\/12\/Group-18.png\" data-srcset=\"https:\/\/www.camping-laprevote.fr\/wp-content\/uploads\/2024\/12\/Group-18.png 1440w, https:\/\/www.camping-laprevote.fr\/wp-content\/uploads\/2024\/12\/Group-18-300x213.png 300w, https:\/\/www.camping-laprevote.fr\/wp-content\/uploads\/2024\/12\/Group-18-1024x725.png 1024w, https:\/\/www.camping-laprevote.fr\/wp-content\/uploads\/2024\/12\/Group-18-768x544.png 768w\" data-sizes=\"auto\" loading=\"eager\">\n\t\t<div class=\"vp-portfolio__item-overlay\">\n\t\t\t\t\t<\/div>\n\n\t\t<\/a>\t<\/div>\n<\/div>\n\n\t\t\t<\/figure>\n\t\t\t\t\t<\/div>\n\t\t\n\t\t<div\t\tclass=\"vp-portfolio__item-wrap vp-portfolio__item-uid-4232404b\" data-vp-filter=\"\" \t\t>\n\t\t\t<template class=\"vp-portfolio__item-popup\" style=\"display: none\" data-vp-popup-img=\"https:\/\/www.camping-laprevote.fr\/wp-content\/uploads\/2025\/05\/IMG_20250525_175002.jpg\" data-vp-popup-img-srcset=\"https:\/\/www.camping-laprevote.fr\/wp-content\/uploads\/2025\/05\/IMG_20250525_175002.jpg 959w, https:\/\/www.camping-laprevote.fr\/wp-content\/uploads\/2025\/05\/IMG_20250525_175002-266x300.jpg 266w, https:\/\/www.camping-laprevote.fr\/wp-content\/uploads\/2025\/05\/IMG_20250525_175002-909x1024.jpg 909w, https:\/\/www.camping-laprevote.fr\/wp-content\/uploads\/2025\/05\/IMG_20250525_175002-768x865.jpg 768w, https:\/\/www.camping-laprevote.fr\/wp-content\/uploads\/2025\/05\/IMG_20250525_175002-11x12.jpg 11w, https:\/\/www.camping-laprevote.fr\/wp-content\/uploads\/2025\/05\/IMG_20250525_175002-500x563.jpg 500w, https:\/\/www.camping-laprevote.fr\/wp-content\/uploads\/2025\/05\/IMG_20250525_175002-800x901.jpg 800w\" data-vp-popup-img-size=\"959x1080\" data-vp-popup-md-img=\"https:\/\/www.camping-laprevote.fr\/wp-content\/uploads\/2025\/05\/IMG_20250525_175002-800x901.jpg\" data-vp-popup-md-img-size=\"800x901\" data-vp-popup-sm-img=\"https:\/\/www.camping-laprevote.fr\/wp-content\/uploads\/2025\/05\/IMG_20250525_175002-500x563.jpg\" data-vp-popup-sm-img-size=\"500x563\">\n\t<\/template>\n\t\t\t\t\t\t<figure class=\"vp-portfolio__item\">\n\t\t\t\t\n<div class=\"vp-portfolio__item-img-wrap\">\n\t<div class=\"vp-portfolio__item-img\">\n\t\t\t<a\n\t\thref=\"https:\/\/www.camping-laprevote.fr\/wp-content\/uploads\/2025\/05\/IMG_20250525_175002.jpg\"\n\t\taria-label=\"Open image\" \t>\n\t\n\t\t<noscript><img loading=\"lazy\" decoding=\"async\" width=\"959\" height=\"1080\" data-skip-lazy src=\"https:\/\/www.camping-laprevote.fr\/wp-content\/uploads\/2025\/05\/IMG_20250525_175002.jpg\" class=\"wp-image-10877\" alt=\"small charming campsite Vend\u00e9e\" srcset=\"https:\/\/www.camping-laprevote.fr\/wp-content\/uploads\/2025\/05\/IMG_20250525_175002.jpg 959w, https:\/\/www.camping-laprevote.fr\/wp-content\/uploads\/2025\/05\/IMG_20250525_175002-266x300.jpg 266w, https:\/\/www.camping-laprevote.fr\/wp-content\/uploads\/2025\/05\/IMG_20250525_175002-909x1024.jpg 909w, https:\/\/www.camping-laprevote.fr\/wp-content\/uploads\/2025\/05\/IMG_20250525_175002-768x865.jpg 768w, https:\/\/www.camping-laprevote.fr\/wp-content\/uploads\/2025\/05\/IMG_20250525_175002-11x12.jpg 11w, https:\/\/www.camping-laprevote.fr\/wp-content\/uploads\/2025\/05\/IMG_20250525_175002-500x563.jpg 500w, https:\/\/www.camping-laprevote.fr\/wp-content\/uploads\/2025\/05\/IMG_20250525_175002-800x901.jpg 800w\" sizes=\"auto, (max-width: 959px) 100vw, 959px\" \/><\/noscript><img decoding=\"async\" width=\"959\" height=\"1080\" src=\"https:\/\/www.camping-laprevote.fr\/wp-content\/uploads\/2025\/05\/IMG_20250525_175002.jpg\" class=\"wp-image-10877 vp-lazyload\" alt=\"small charming campsite Vend\u00e9e\" srcset=\"data:image\/svg+xml;base64,PHN2ZyB3aWR0aD0iOTU5IiBoZWlnaHQ9IjEwODAiIHZpZXdCb3g9IjAgMCA5NTkgMTA4MCIgZmlsbD0ibm9uZSIgeG1sbnM9Imh0dHA6Ly93d3cudzMub3JnLzIwMDAvc3ZnIj48L3N2Zz4=\" data-src=\"https:\/\/www.camping-laprevote.fr\/wp-content\/uploads\/2025\/05\/IMG_20250525_175002.jpg\" data-srcset=\"https:\/\/www.camping-laprevote.fr\/wp-content\/uploads\/2025\/05\/IMG_20250525_175002.jpg 959w, https:\/\/www.camping-laprevote.fr\/wp-content\/uploads\/2025\/05\/IMG_20250525_175002-266x300.jpg 266w, https:\/\/www.camping-laprevote.fr\/wp-content\/uploads\/2025\/05\/IMG_20250525_175002-909x1024.jpg 909w, https:\/\/www.camping-laprevote.fr\/wp-content\/uploads\/2025\/05\/IMG_20250525_175002-768x865.jpg 768w, https:\/\/www.camping-laprevote.fr\/wp-content\/uploads\/2025\/05\/IMG_20250525_175002-11x12.jpg 11w, https:\/\/www.camping-laprevote.fr\/wp-content\/uploads\/2025\/05\/IMG_20250525_175002-500x563.jpg 500w, https:\/\/www.camping-laprevote.fr\/wp-content\/uploads\/2025\/05\/IMG_20250525_175002-800x901.jpg 800w\" data-sizes=\"auto\" loading=\"eager\">\n\t\t<div class=\"vp-portfolio__item-overlay\">\n\t\t\t\t\t<\/div>\n\n\t\t<\/a>\t<\/div>\n<\/div>\n\n\t\t\t<\/figure>\n\t\t\t\t\t<\/div>\n\t\t\n<\/div>\n\t\t<\/div>\n\t\t\n<\/div>\n<\/div>\n\n\n<p><\/p>","protected":false},"excerpt":{"rendered":"<p>Take advantage of the heated swimming pool The campsite has a heated outdoor swimming pool, which is not covered. There is also a paddling pool for the little ones. The pool is open from May to October, depending on weather conditions. Opening times are from 10am to 8pm.<\/p>","protected":false},"author":1,"featured_media":10147,"parent":0,"menu_order":0,"comment_status":"closed","ping_status":"closed","template":"","meta":{"_acf_changed":false,"_seopress_robots_primary_cat":"","_seopress_titles_title":"Plongez dans la piscine du camping","_seopress_titles_desc":"Ext\u00e9rieure et chauff\u00e9e, la piscine du camping la Pr\u00e9vot\u00e9 vous attend pendant votre s\u00e9jour estival en Vend\u00e9e. Profitez en !","_seopress_robots_index":"","_vp_format_video_url":"","_vp_image_focal_point":[],"footnotes":""},"class_list":["post-329","page","type-page","status-publish","has-post-thumbnail","hentry"],"acf":[],"_links":{"self":[{"href":"https:\/\/www.camping-laprevote.fr\/en\/wp-json\/wp\/v2\/pages\/329","targetHints":{"allow":["GET"]}}],"collection":[{"href":"https:\/\/www.camping-laprevote.fr\/en\/wp-json\/wp\/v2\/pages"}],"about":[{"href":"https:\/\/www.camping-laprevote.fr\/en\/wp-json\/wp\/v2\/types\/page"}],"author":[{"embeddable":true,"href":"https:\/\/www.camping-laprevote.fr\/en\/wp-json\/wp\/v2\/users\/1"}],"replies":[{"embeddable":true,"href":"https:\/\/www.camping-laprevote.fr\/en\/wp-json\/wp\/v2\/comments?post=329"}],"version-history":[{"count":22,"href":"https:\/\/www.camping-laprevote.fr\/en\/wp-json\/wp\/v2\/pages\/329\/revisions"}],"predecessor-version":[{"id":10878,"href":"https:\/\/www.camping-laprevote.fr\/en\/wp-json\/wp\/v2\/pages\/329\/revisions\/10878"}],"wp:featuredmedia":[{"embeddable":true,"href":"https:\/\/www.camping-laprevote.fr\/en\/wp-json\/wp\/v2\/media\/10147"}],"wp:attachment":[{"href":"https:\/\/www.camping-laprevote.fr\/en\/wp-json\/wp\/v2\/media?parent=329"}],"curies":[{"name":"wp","href":"https:\/\/api.w.org\/{rel}","templated":true}]}}